{"id":437,"date":"2013-02-16T22:22:53","date_gmt":"2013-02-16T20:22:53","guid":{"rendered":"http:\/\/www.awtr69.asso.fr\/?page_id=437"},"modified":"2025-07-21T22:41:57","modified_gmt":"2025-07-21T20:41:57","slug":"infos-pratiques","status":"publish","type":"page","link":"https:\/\/www.awtr69.asso.fr\/?page_id=437","title":{"rendered":"Infos pratiques"},"content":{"rendered":"\n<h3 class=\"wp-block-heading\">Contacts<\/h3>\n\n\n\n<p>Pour d\u00e9couvrir le Wing Tsun \/ Wing Chun Kung Fu n&rsquo;h\u00e9sitez pas \u00e0 nous contacter :<\/p>\n\n\n\n<ul class=\"wp-block-list\">\n<li><strong>Par email<\/strong> : <a href=\"mailto:awtr69@gmail.com\">awtr69@gmail.com<\/a><\/li>\n\n\n\n<li>Par t\u00e9l\u00e9phone : Jean-Paul au 06 60 50 82 22<\/li>\n<\/ul>\n\n\n\n<p>Au mois de septembre, L&rsquo;AWTR propose un premier cours d&rsquo;initiation de mani\u00e8re <strong>totalement gratuite<\/strong>.<\/p>\n\n\n\n<h3 class=\"wp-block-heading\">Horaires des cours<\/h3>\n\n\n\n<p>Nous proposons \u00e0 Lyon 7 chaque semaine trois cours afin que chacun puisse apprendre au mieux et continuer \u00e0 se perfectionner :<\/p>\n\n\n\n<ul class=\"wp-block-list\">\n<li>Le lundi soir, de 20h \u00e0 21h30 (tous niveaux) \/ maison de la Guilloti\u00e8re<\/li>\n\n\n\n<li>Le mercredi soir, de 18h00 \u00e0 19h30 (tous niveaux) \/ maison de la Guilloti\u00e8re<\/li>\n\n\n\n<li>Le vendredi soir avanc\u00e9<\/li>\n<\/ul>\n\n\n\n<p><strong>Nos cours se d\u00e9roulent de septembre \u00e0 d\u00e9but juillet<br><\/strong><\/p>\n\n\n\n<p>Pour les personnes ne pouvant suivre tous les cours ou d\u00e9sireuses de s&rsquo;entra\u00eener \u00e0 des horaires diff\u00e9rents, des sessions individualis\u00e9es peuvent \u00eatre organis\u00e9es par les moniteurs de l&rsquo;association.<br class=\"none\"><br class=\"none\">Le d\u00e9roulement d&rsquo;un cours type est disponible ici.<\/p>\n\n\n\n<h3 class=\"wp-block-heading\">Adresse de la salle<\/h3>\n\n\n\n<p><\/p>\n\n\n\n<p>Nous vous accueillons \u00e0 la <strong>Maison de la Guilloti\u00e8re, 25 rue Bechevelin, 7eme arrondissement de Lyon :<\/strong><\/p>\n\n\n\n<iframe src=\"https:\/\/www.google.com\/maps\/embed?pb=!1m18!1m12!1m3!1d2783.904343324246!2d4.839928875990278!3d45.753063614119334!2m3!1f0!2f0!3f0!3m2!1i1024!2i768!4f13.1!3m3!1m2!1s0x47f4ea44bf73e089%3A0x6619edb1cc9fd3f7!2sMaison%20de%20La%20Guilloti%C3%A8re!5e0!3m2!1sfr!2sfr!4v1690051525210!5m2!1sfr!2sfr\" width=\"600\" height=\"450\" style=\"border:0;\" allowfullscreen=\"\" loading=\"lazy\" referrerpolicy=\"no-referrer-when-downgrade\"><\/iframe>\n\n\n\n<p><br><small><a style=\"color: #0000ff; text-align: left;\" href=\"http:\/\/maps.google.fr\/maps?f=q&amp;source=embed&amp;hl=fr&amp;geocode=&amp;q=25+Rue+Bechevelin,+Lyon&amp;aq=0&amp;oq=25+rue+b%C3%A9che&amp;sll=45.757956,4.835121&amp;sspn=0.136055,0.308647&amp;ie=UTF8&amp;hq=&amp;hnear=25+Rue+Bechevelin,+69007+Lyon,+Rh%C3%B4ne,+Rh%C3%B4ne-Alpes&amp;t=m&amp;view=map&amp;z=14&amp;ll=45.753038,4.84249\">Agrandir le plan<\/a><\/small><\/p>\n\n\n\n<p>Acc\u00e8s en transports en commun :<\/p>\n\n\n\n<ul class=\"wp-block-list\">\n<li>M\u00e9tro ligne D &#8211; Arr\u00eat Guilloti\u00e8re<\/li>\n\n\n\n<li>Tramway ligne T1 &#8211; Arr\u00eat Saint-Andr\u00e9 ou Guilloti\u00e8re<\/li>\n<\/ul>\n\n\n\n<h3 class=\"wp-block-heading\">Tarifs d&rsquo;inscription<\/h3>\n\n\n\n<figure class=\"wp-block-table\"><table><tbody><tr><td><\/td><td>Tarif<\/td><\/tr><tr><td>Cotisation annuelle + Passeport* et licence UFOLEP<\/td><td>340\u20ac<\/td><\/tr><tr><td>Cotisation annuelle + Passeport* et licence UFOLEP pour <br>&#8211; \u00e9tudiant <br>&#8211; demandeur d&#8217;emploi <br>&#8211; personne pr\u00e9sentant un handicap<\/td><td>250\u20ac<\/td><\/tr><\/tbody><\/table><\/figure>\n\n\n\n<p>* le passeport est le livret fourni par l&rsquo;IUEWT permettant de passer les degr\u00e9s (grades)<\/p>\n\n\n\n<p>L&rsquo;AWTR organise des stages de Wing Tsun\/Wing Chun avec Sifu SCH\u00dcSSLER afin de permettre aux \u00e9l\u00e8ves de pratiquer avec un Ma\u00eetre de tr\u00e8s haut niveau. Les stages ont lieu \u00e0 Lyon plusieurs fois par an, avec un minimum de 2 (un en hiver et l&rsquo;autre au d\u00e9but de l&rsquo;\u00e9t\u00e9).<\/p>\n\n\n\n<h3 class=\"wp-block-heading\">&nbsp;Pi\u00e8ces n\u00e9cessaires pour l&rsquo;inscription<\/h3>\n\n\n\n<ul class=\"wp-block-list\">\n<li>un certificat m\u00e9dial de moins de 3 mois<\/li>\n\n\n\n<li>1 photo d&rsquo;identit\u00e9<\/li>\n\n\n\n<li>un moyen de r\u00e8glement (ch\u00e8ques \u00e0 l&rsquo;ordre de l&rsquo;AWTR ou esp\u00e8ces). Le r\u00e8glement peut s&rsquo;effectuer en trois fois pour les inscriptions annuelles.<\/li>\n<\/ul>\n","protected":false},"excerpt":{"rendered":"<p>Contacts Pour d\u00e9couvrir le Wing Tsun \/ Wing Chun Kung Fu n&rsquo;h\u00e9sitez pas \u00e0 nous contacter : Au mois de septembre, L&rsquo;AWTR propose un premier cours d&rsquo;initiation de mani\u00e8re totalement gratuite. Horaires des cours Nous proposons \u00e0 Lyon 7 chaque semaine trois cours afin que chacun puisse apprendre au mieux &#8230;<\/p>\n","protected":false},"author":1,"featured_media":0,"parent":0,"menu_order":0,"comment_status":"open","ping_status":"open","template":"","meta":{"om_disable_all_campaigns":false,"_monsterinsights_skip_tracking":false,"_monsterinsights_sitenote_active":false,"_monsterinsights_sitenote_note":"","_monsterinsights_sitenote_category":0,"ngg_post_thumbnail":0,"footnotes":""},"class_list":["post-437","page","type-page","status-publish","hentry","column","threecol"],"aioseo_notices":[],"_links":{"self":[{"href":"https:\/\/www.awtr69.asso.fr\/index.php?rest_route=\/wp\/v2\/pages\/437","targetHints":{"allow":["GET"]}}],"collection":[{"href":"https:\/\/www.awtr69.asso.fr\/index.php?rest_route=\/wp\/v2\/pages"}],"about":[{"href":"https:\/\/www.awtr69.asso.fr\/index.php?rest_route=\/wp\/v2\/types\/page"}],"author":[{"embeddable":true,"href":"https:\/\/www.awtr69.asso.fr\/index.php?rest_route=\/wp\/v2\/users\/1"}],"replies":[{"embeddable":true,"href":"https:\/\/www.awtr69.asso.fr\/index.php?rest_route=%2Fwp%2Fv2%2Fcomments&post=437"}],"version-history":[{"count":48,"href":"https:\/\/www.awtr69.asso.fr\/index.php?rest_route=\/wp\/v2\/pages\/437\/revisions"}],"predecessor-version":[{"id":1659,"href":"https:\/\/www.awtr69.asso.fr\/index.php?rest_route=\/wp\/v2\/pages\/437\/revisions\/1659"}],"wp:attachment":[{"href":"https:\/\/www.awtr69.asso.fr\/index.php?rest_route=%2Fwp%2Fv2%2Fmedia&parent=437"}],"curies":[{"name":"wp","href":"https:\/\/api.w.org\/{rel}","templated":true}]}}