{"id":460,"date":"2013-02-16T22:23:37","date_gmt":"2013-02-16T20:23:37","guid":{"rendered":"http:\/\/www.awtr69.asso.fr\/?page_id=460"},"modified":"2017-08-30T13:45:39","modified_gmt":"2017-08-30T11:45:39","slug":"faq","status":"publish","type":"page","link":"https:\/\/www.awtr69.asso.fr\/?page_id=460","title":{"rendered":"FAQ"},"content":{"rendered":"<h2>Frequently Asked Questions<\/h2>\n<p style=\"text-align: justify;\">Vous retrouverez ci-apr\u00e8s les questions les plus fr\u00e9quemment pos\u00e9es par les personnes qui prennent contact avec nous.<\/p>\n<h4 style=\"text-align: justify;\">Qu&rsquo;est ce que le Wing Tsun ?<\/h4>\n<p style=\"text-align: justify;\">Le Wing Tsun \/ Wing Chun Kung Fu est un art martial tourn\u00e9 vers la self d\u00e9fense. Il peut \u00eatre d\u00e9fini par son concept mais \u00e9galement pas son histoire marqu\u00e9e par ses figures embl\u00e9matiques (Ip man, Bruce Lee, &#8230;). Pour en savoir plus sur le Wing Tsun \/ Wing Chun, n&rsquo;h\u00e9sitez pas \u00e0 vous rendre <a title=\"ici\" href=\"https:\/\/www.awtr69.asso.fr\/?page_id=11\">ici.<br class=\"none\" \/><\/a><\/p>\n<h4 style=\"text-align: justify;\">Le Wing Tsun est-il accessible aux femmes ?<\/h4>\n<p style=\"text-align: justify;\">Le Wing Tsun est particuli\u00e8rement adapt\u00e9 aux femmes car c&rsquo;est un syst\u00e8me d&rsquo;autod\u00e9fense tr\u00e8s efficace pour diff\u00e9rents types d&rsquo;agressions. Il ne n\u00e9cessite pas de force physique particuli\u00e8re (la condition physique s&rsquo;acquiert au fur et \u00e0 mesure des cours) puisqu&rsquo;on apprend \u00e0 utiliser la force de l&rsquo;autre. C&rsquo;est au contraire un art de finesse o\u00f9 la souplesse des femmes sera un plus non n\u00e9gligeable.<\/p>\n<h4 style=\"text-align: justify;\">A partir de quel age peut on pratiquer le Wing Tsun ?<\/h4>\n<p style=\"text-align: justify;\">Nous accueillons des jeunes \u00e0 l&rsquo;association \u00e0 partir de 15 ans. En effet, le Wing Tsun \u00e9tant orient\u00e9 vers la self d\u00e9fense, il faut que le jeune qui nous rejoigne poss\u00e8de la maturit\u00e9 et le discernement n\u00e9cessaire pour utiliser ce qu&rsquo;il va apprendre \u00e0 bon escient.<\/p>\n<h4 style=\"text-align: justify;\">Je n&rsquo;ai pas une bonne condition physique, puis-je pratiquer le Wing Tsun ?<\/h4>\n<p style=\"text-align: justify;\">Il faut bien distinguer force physique et condition physique (endurance). La force physique n&rsquo;est absolument pas n\u00e9cessaire pour pratiquer, l&rsquo;objectif \u00e9tant de pouvoir se d\u00e9fendre sans avoir recours \u00e0 sa propre force. En revanche il est illusoire de penser qu&rsquo;une situation r\u00e9elle d&rsquo;agression peut \u00eatre g\u00e9r\u00e9e sans un minimum d&rsquo;endurance. C&rsquo;est pourquoi \u00e0 l&rsquo;AWTR nous proposons des exercices adapt\u00e9s \u00e0 chacun (\u00e9chauffements, physique, sparring) permettant de travailler \u00e9galement cet aspect.<\/p>\n<h4 style=\"text-align: justify;\">Quel type de Wing Tsun est pratiqu\u00e9 \u00e0 l&rsquo;association ?<\/h4>\n<p style=\"text-align: justify;\">Le Wing Tsun pratiqu\u00e9 \u00e0 l&rsquo;AWTR est issu de la lign\u00e9e Leung Ting.<\/p>\n<h4 style=\"text-align: justify;\">A quelle f\u00e9d\u00e9ration est affili\u00e9e l&rsquo;AWTR ?<\/h4>\n<p style=\"text-align: justify;\">L&rsquo;AWTR est membre de deux f\u00e9d\u00e9rations :<\/p>\n<ul>\n<li style=\"text-align: justify;\">L&rsquo;International Union for Escrima and Wing Tsun (<a title=\"IUEWT\" href=\"http:\/\/www.iuewt.com\">IUEWT<\/a>) dont le repr\u00e9sentant pour la France est Sifu Marcus Schussler (vous pourrez trouver une pr\u00e9sentation <a title=\"ici\" href=\"https:\/\/www.awtr69.asso.fr\/?p=402\">ici<\/a>). L&rsquo;IUEWT propose un enseignement du concept originel du Wing Tsun \u00e0 travers une d\u00e9marche logique, pragmatique et \u00e9volutive.<\/li>\n<li style=\"text-align: justify;\">L&rsquo;Union fran\u00e7aise des \u0153uvres la\u00efques d&rsquo;\u00e9ducation physique (<a title=\"UFOLEP\" href=\"http:\/\/www.ufolep-69.com\/\">UFOLEP<\/a>), premi\u00e8re f\u00e9d\u00e9ration multisports en France, aupr\u00e8s de qui nous disposons des assurances n\u00e9cessaire pour enseigner en s\u00e9curit\u00e9.<\/li>\n<\/ul>\n","protected":false},"excerpt":{"rendered":"<p>Frequently Asked Questions Vous retrouverez ci-apr\u00e8s les questions les plus fr\u00e9quemment pos\u00e9es par les personnes qui prennent contact avec nous. Qu&rsquo;est ce que le Wing Tsun ? Le Wing Tsun \/ Wing Chun Kung Fu est un art martial tourn\u00e9 vers la self d\u00e9fense. Il peut \u00eatre d\u00e9fini par son &#8230;<\/p>\n","protected":false},"author":1,"featured_media":0,"parent":0,"menu_order":0,"comment_status":"open","ping_status":"open","template":"","meta":{"om_disable_all_campaigns":false,"_monsterinsights_skip_tracking":false,"_monsterinsights_sitenote_active":false,"_monsterinsights_sitenote_note":"","_monsterinsights_sitenote_category":0,"ngg_post_thumbnail":0,"footnotes":""},"class_list":["post-460","page","type-page","status-publish","hentry","column","threecol"],"aioseo_notices":[],"_links":{"self":[{"href":"https:\/\/www.awtr69.asso.fr\/index.php?rest_route=\/wp\/v2\/pages\/460","targetHints":{"allow":["GET"]}}],"collection":[{"href":"https:\/\/www.awtr69.asso.fr\/index.php?rest_route=\/wp\/v2\/pages"}],"about":[{"href":"https:\/\/www.awtr69.asso.fr\/index.php?rest_route=\/wp\/v2\/types\/page"}],"author":[{"embeddable":true,"href":"https:\/\/www.awtr69.asso.fr\/index.php?rest_route=\/wp\/v2\/users\/1"}],"replies":[{"embeddable":true,"href":"https:\/\/www.awtr69.asso.fr\/index.php?rest_route=%2Fwp%2Fv2%2Fcomments&post=460"}],"version-history":[{"count":10,"href":"https:\/\/www.awtr69.asso.fr\/index.php?rest_route=\/wp\/v2\/pages\/460\/revisions"}],"predecessor-version":[{"id":1059,"href":"https:\/\/www.awtr69.asso.fr\/index.php?rest_route=\/wp\/v2\/pages\/460\/revisions\/1059"}],"wp:attachment":[{"href":"https:\/\/www.awtr69.asso.fr\/index.php?rest_route=%2Fwp%2Fv2%2Fmedia&parent=460"}],"curies":[{"name":"wp","href":"https:\/\/api.w.org\/{rel}","templated":true}]}}